{"id":385,"date":"2018-11-23T09:55:00","date_gmt":"2018-11-23T02:55:00","guid":{"rendered":"http:\/\/td_uid_1_5bf7ce74a52a0"},"modified":"2024-08-13T12:38:19","modified_gmt":"2024-08-13T05:38:19","slug":"home","status":"publish","type":"page","link":"https:\/\/giaoxunamdien.org\/index.php\/home\/","title":{"rendered":"Home"},"content":{"rendered":"\t\t<div data-elementor-type=\"wp-page\" data-elementor-id=\"385\" class=\"elementor elementor-385\" data-elementor-post-type=\"page\">\n\t\t\t\t\t\t<section class=\"elementor-section elementor-top-section elementor-element elementor-element-adf6cf7 elementor-section-boxed elementor-section-height-default elementor-section-height-default\" data-id=\"adf6cf7\" data-element_type=\"section\">\n\t\t\t\t\t\t<div class=\"elementor-container elementor-column-gap-default\">\n\t\t\t\t\t<div class=\"elementor-column elementor-col-100 elementor-top-column elementor-element elementor-element-68e1fab\" data-id=\"68e1fab\" data-element_type=\"column\">\n\t\t\t<div class=\"elementor-widget-wrap elementor-element-populated\">\n\t\t\t\t\t\t<div class=\"elementor-element elementor-element-2d19633 elementor-grid-3 elementor-grid-tablet-2 elementor-grid-mobile-1 elementor-widget elementor-widget-portfolio\" data-id=\"2d19633\" data-element_type=\"widget\" data-settings=\"{&quot;item_ratio&quot;:{&quot;unit&quot;:&quot;px&quot;,&quot;size&quot;:0.89,&quot;sizes&quot;:[]},&quot;columns&quot;:&quot;3&quot;,&quot;columns_tablet&quot;:&quot;2&quot;,&quot;columns_mobile&quot;:&quot;1&quot;,&quot;item_gap&quot;:{&quot;unit&quot;:&quot;px&quot;,&quot;size&quot;:&quot;&quot;,&quot;sizes&quot;:[]},&quot;row_gap&quot;:{&quot;unit&quot;:&quot;px&quot;,&quot;size&quot;:&quot;&quot;,&quot;sizes&quot;:[]}}\" data-widget_type=\"portfolio.default\">\n\t\t\t\t<div class=\"elementor-widget-container\">\n\t\t\t\t\t\t\t<div class=\"elementor-portfolio elementor-grid elementor-posts-container\">\n\t\t\t\t<article class=\"elementor-portfolio-item elementor-post  post-4245 post type-post status-publish format-standard has-post-thumbnail hentry category-kinh-thanh-giao-ly category-loi-chua-hang-ngay\">\n\t\t\t<a class=\"elementor-post__thumbnail__link\" href=\"https:\/\/giaoxunamdien.org\/index.php\/2025\/03\/22\/de-mua-chay-tro-thanh-mua-doi-moi-suy-tu-tin-mung-cn-3-mua-chay-nam-c\/\">\n\t\t\t\t<div class=\"elementor-portfolio-item__img elementor-post__thumbnail\">\n\t\t\t<img fetchpriority=\"high\" decoding=\"async\" width=\"640\" height=\"480\" src=\"https:\/\/giaoxunamdien.org\/wp-content\/uploads\/2025\/03\/Hay-de-mua-chay-tro-thanh-mot-mua-doi-moi.jpeg\" class=\"attachment-large size-large wp-image-4246\" alt=\"\" srcset=\"https:\/\/giaoxunamdien.org\/wp-content\/uploads\/2025\/03\/Hay-de-mua-chay-tro-thanh-mot-mua-doi-moi.jpeg 800w, https:\/\/giaoxunamdien.org\/wp-content\/uploads\/2025\/03\/Hay-de-mua-chay-tro-thanh-mot-mua-doi-moi-300x225.jpeg 300w, https:\/\/giaoxunamdien.org\/wp-content\/uploads\/2025\/03\/Hay-de-mua-chay-tro-thanh-mot-mua-doi-moi-768x576.jpeg 768w, https:\/\/giaoxunamdien.org\/wp-content\/uploads\/2025\/03\/Hay-de-mua-chay-tro-thanh-mot-mua-doi-moi-160x120.jpeg 160w\" sizes=\"(max-width: 640px) 100vw, 640px\" \/>\t\t<\/div>\n\t\t\t\t<div class=\"elementor-portfolio-item__overlay\">\n\t\t\t\t<h2 class=\"elementor-portfolio-item__title\">\n\t\t\u0110\u1ec3 M\u00f9a Chay tr\u1edf th\u00e0nh m\u00f9a \u0111\u1ed5i m\u1edbi! \u2013 Suy t\u01b0 Tin M\u1eebng CN 3 M\u00f9a Chay n\u0103m C\t\t<\/h2>\n\t\t\t\t<\/div>\n\t\t\t\t<\/a>\n\t\t<\/article>\n\t\t\t\t<article class=\"elementor-portfolio-item elementor-post  post-3962 post type-post status-publish format-standard has-post-thumbnail hentry category-chia-se-hoc-hoi category-gioi-tre category-hot\">\n\t\t\t<a class=\"elementor-post__thumbnail__link\" href=\"https:\/\/giaoxunamdien.org\/index.php\/2024\/01\/22\/cam-nghiem-tong-do-bu-to-1\/\">\n\t\t\t\t<div class=\"elementor-portfolio-item__img elementor-post__thumbnail\">\n\t\t\t<img decoding=\"async\" width=\"640\" height=\"480\" src=\"https:\/\/giaoxunamdien.org\/wp-content\/uploads\/2024\/01\/Ref-on-Thong-Nhat-1024x768.png\" class=\"attachment-large size-large wp-image-3963\" alt=\"\" srcset=\"https:\/\/giaoxunamdien.org\/wp-content\/uploads\/2024\/01\/Ref-on-Thong-Nhat-1024x768.png 1024w, https:\/\/giaoxunamdien.org\/wp-content\/uploads\/2024\/01\/Ref-on-Thong-Nhat-300x225.png 300w, https:\/\/giaoxunamdien.org\/wp-content\/uploads\/2024\/01\/Ref-on-Thong-Nhat-768x576.png 768w, https:\/\/giaoxunamdien.org\/wp-content\/uploads\/2024\/01\/Ref-on-Thong-Nhat-1536x1152.png 1536w, https:\/\/giaoxunamdien.org\/wp-content\/uploads\/2024\/01\/Ref-on-Thong-Nhat-2048x1536.png 2048w, https:\/\/giaoxunamdien.org\/wp-content\/uploads\/2024\/01\/Ref-on-Thong-Nhat-80x60.png 80w, https:\/\/giaoxunamdien.org\/wp-content\/uploads\/2024\/01\/Ref-on-Thong-Nhat-265x198.png 265w, https:\/\/giaoxunamdien.org\/wp-content\/uploads\/2024\/01\/Ref-on-Thong-Nhat-696x522.png 696w, https:\/\/giaoxunamdien.org\/wp-content\/uploads\/2024\/01\/Ref-on-Thong-Nhat-1068x801.png 1068w, https:\/\/giaoxunamdien.org\/wp-content\/uploads\/2024\/01\/Ref-on-Thong-Nhat-560x420.png 560w\" sizes=\"(max-width: 640px) 100vw, 640px\" \/>\t\t<\/div>\n\t\t\t\t<div class=\"elementor-portfolio-item__overlay\">\n\t\t\t\t<h2 class=\"elementor-portfolio-item__title\">\n\t\tC\u1ea2M NGHI\u1ec6M T\u00d4NG \u0110\u1ed2 &#8211; B\u00d9 T\u01a0 1\t\t<\/h2>\n\t\t\t\t<\/div>\n\t\t\t\t<\/a>\n\t\t<\/article>\n\t\t\t\t<article class=\"elementor-portfolio-item elementor-post  post-3927 post type-post status-publish format-standard has-post-thumbnail hentry category-chia-se-hoc-hoi category-hot\">\n\t\t\t<a class=\"elementor-post__thumbnail__link\" href=\"https:\/\/giaoxunamdien.org\/index.php\/2023\/08\/28\/chia-se-hoc-hoi-hoi-tam-xet-minh\/\">\n\t\t\t\t<div class=\"elementor-portfolio-item__img elementor-post__thumbnail\">\n\t\t\t<img decoding=\"async\" width=\"640\" height=\"427\" src=\"https:\/\/giaoxunamdien.org\/wp-content\/uploads\/2022\/03\/Suy-nie\u0323\u0302m-Mt-2017-28.jpeg\" class=\"attachment-large size-large wp-image-3700\" alt=\"\" srcset=\"https:\/\/giaoxunamdien.org\/wp-content\/uploads\/2022\/03\/Suy-nie\u0323\u0302m-Mt-2017-28.jpeg 960w, https:\/\/giaoxunamdien.org\/wp-content\/uploads\/2022\/03\/Suy-nie\u0323\u0302m-Mt-2017-28-300x200.jpeg 300w, https:\/\/giaoxunamdien.org\/wp-content\/uploads\/2022\/03\/Suy-nie\u0323\u0302m-Mt-2017-28-768x512.jpeg 768w, https:\/\/giaoxunamdien.org\/wp-content\/uploads\/2022\/03\/Suy-nie\u0323\u0302m-Mt-2017-28-696x464.jpeg 696w, https:\/\/giaoxunamdien.org\/wp-content\/uploads\/2022\/03\/Suy-nie\u0323\u0302m-Mt-2017-28-630x420.jpeg 630w\" sizes=\"(max-width: 640px) 100vw, 640px\" \/>\t\t<\/div>\n\t\t\t\t<div class=\"elementor-portfolio-item__overlay\">\n\t\t\t\t<h2 class=\"elementor-portfolio-item__title\">\n\t\t[CHIA S\u1eba &#8211; H\u1eccC H\u1eceI] H\u1ed2I T\u00c2M X\u00c9T M\u00ccNH\t\t<\/h2>\n\t\t\t\t<\/div>\n\t\t\t\t<\/a>\n\t\t<\/article>\n\t\t\t\t<article class=\"elementor-portfolio-item elementor-post  post-3922 post type-post status-publish format-standard has-post-thumbnail hentry category-chia-se-hoc-hoi category-kinh-thanh-giao-ly category-hot\">\n\t\t\t<a class=\"elementor-post__thumbnail__link\" href=\"https:\/\/giaoxunamdien.org\/index.php\/2023\/08\/01\/chia-se-hoc-hoi-hon-nhan-khac-dao\/\">\n\t\t\t\t<div class=\"elementor-portfolio-item__img elementor-post__thumbnail\">\n\t\t\t<img loading=\"lazy\" decoding=\"async\" width=\"640\" height=\"448\" src=\"https:\/\/giaoxunamdien.org\/wp-content\/uploads\/2021\/02\/ho\u0302n-nha\u0302n-kha\u0301c-\u0111a\u0323o.jpg\" class=\"attachment-large size-large wp-image-3064\" alt=\"\" srcset=\"https:\/\/giaoxunamdien.org\/wp-content\/uploads\/2021\/02\/ho\u0302n-nha\u0302n-kha\u0301c-\u0111a\u0323o.jpg 1000w, https:\/\/giaoxunamdien.org\/wp-content\/uploads\/2021\/02\/ho\u0302n-nha\u0302n-kha\u0301c-\u0111a\u0323o-300x210.jpg 300w, https:\/\/giaoxunamdien.org\/wp-content\/uploads\/2021\/02\/ho\u0302n-nha\u0302n-kha\u0301c-\u0111a\u0323o-768x538.jpg 768w, https:\/\/giaoxunamdien.org\/wp-content\/uploads\/2021\/02\/ho\u0302n-nha\u0302n-kha\u0301c-\u0111a\u0323o-100x70.jpg 100w, https:\/\/giaoxunamdien.org\/wp-content\/uploads\/2021\/02\/ho\u0302n-nha\u0302n-kha\u0301c-\u0111a\u0323o-696x487.jpg 696w, https:\/\/giaoxunamdien.org\/wp-content\/uploads\/2021\/02\/ho\u0302n-nha\u0302n-kha\u0301c-\u0111a\u0323o-600x420.jpg 600w\" sizes=\"(max-width: 640px) 100vw, 640px\" \/>\t\t<\/div>\n\t\t\t\t<div class=\"elementor-portfolio-item__overlay\">\n\t\t\t\t<h2 class=\"elementor-portfolio-item__title\">\n\t\t[CHIA S\u1eba &#8211; H\u1eccC H\u1eceI] H\u00d4N NH\u00c2N KH\u00c1C \u0110\u1ea0O\t\t<\/h2>\n\t\t\t\t<\/div>\n\t\t\t\t<\/a>\n\t\t<\/article>\n\t\t\t\t<article class=\"elementor-portfolio-item elementor-post  post-3913 post type-post status-publish format-standard has-post-thumbnail hentry category-chia-se-hoc-hoi category-hot category-tin-tuc\">\n\t\t\t<a class=\"elementor-post__thumbnail__link\" href=\"https:\/\/giaoxunamdien.org\/index.php\/2023\/07\/16\/phaolo-moi-cua-dong-ten\/\">\n\t\t\t\t<div class=\"elementor-portfolio-item__img elementor-post__thumbnail\">\n\t\t\t<img loading=\"lazy\" decoding=\"async\" width=\"640\" height=\"434\" src=\"https:\/\/giaoxunamdien.org\/wp-content\/uploads\/2023\/07\/Adorations-week-1024x695.jpg\" class=\"attachment-large size-large wp-image-3916\" alt=\"\" srcset=\"https:\/\/giaoxunamdien.org\/wp-content\/uploads\/2023\/07\/Adorations-week-1024x695.jpg 1024w, https:\/\/giaoxunamdien.org\/wp-content\/uploads\/2023\/07\/Adorations-week-300x204.jpg 300w, https:\/\/giaoxunamdien.org\/wp-content\/uploads\/2023\/07\/Adorations-week-768x522.jpg 768w, https:\/\/giaoxunamdien.org\/wp-content\/uploads\/2023\/07\/Adorations-week-1536x1043.jpg 1536w, https:\/\/giaoxunamdien.org\/wp-content\/uploads\/2023\/07\/Adorations-week-696x473.jpg 696w, https:\/\/giaoxunamdien.org\/wp-content\/uploads\/2023\/07\/Adorations-week-1068x725.jpg 1068w, https:\/\/giaoxunamdien.org\/wp-content\/uploads\/2023\/07\/Adorations-week-618x420.jpg 618w, https:\/\/giaoxunamdien.org\/wp-content\/uploads\/2023\/07\/Adorations-week.jpg 1920w\" sizes=\"(max-width: 640px) 100vw, 640px\" \/>\t\t<\/div>\n\t\t\t\t<div class=\"elementor-portfolio-item__overlay\">\n\t\t\t\t<h2 class=\"elementor-portfolio-item__title\">\n\t\tPHAOL\u00d4 M\u1edaI C\u1ee6A D\u00d2NG T\u00caN\t\t<\/h2>\n\t\t\t\t<\/div>\n\t\t\t\t<\/a>\n\t\t<\/article>\n\t\t\t\t<article class=\"elementor-portfolio-item elementor-post  post-3908 post type-post status-publish format-standard has-post-thumbnail hentry category-chia-se-hoc-hoi category-kinh-thanh-giao-ly category-hot\">\n\t\t\t<a class=\"elementor-post__thumbnail__link\" href=\"https:\/\/giaoxunamdien.org\/index.php\/2023\/07\/02\/dung-so\/\">\n\t\t\t\t<div class=\"elementor-portfolio-item__img elementor-post__thumbnail\">\n\t\t\t<img loading=\"lazy\" decoding=\"async\" width=\"640\" height=\"336\" src=\"https:\/\/giaoxunamdien.org\/wp-content\/uploads\/2023\/07\/Courage-1024x538.jpg\" class=\"attachment-large size-large wp-image-3909\" alt=\"\" srcset=\"https:\/\/giaoxunamdien.org\/wp-content\/uploads\/2023\/07\/Courage-1024x538.jpg 1024w, https:\/\/giaoxunamdien.org\/wp-content\/uploads\/2023\/07\/Courage-300x158.jpg 300w, https:\/\/giaoxunamdien.org\/wp-content\/uploads\/2023\/07\/Courage-768x403.jpg 768w, https:\/\/giaoxunamdien.org\/wp-content\/uploads\/2023\/07\/Courage-696x365.jpg 696w, https:\/\/giaoxunamdien.org\/wp-content\/uploads\/2023\/07\/Courage-1068x561.jpg 1068w, https:\/\/giaoxunamdien.org\/wp-content\/uploads\/2023\/07\/Courage-800x420.jpg 800w, https:\/\/giaoxunamdien.org\/wp-content\/uploads\/2023\/07\/Courage.jpg 1200w\" sizes=\"(max-width: 640px) 100vw, 640px\" \/>\t\t<\/div>\n\t\t\t\t<div class=\"elementor-portfolio-item__overlay\">\n\t\t\t\t<h2 class=\"elementor-portfolio-item__title\">\n\t\tSuy t\u01b0 Tin m\u1eebng CN: \u0110\u1eebng S\u1ee3!\t\t<\/h2>\n\t\t\t\t<\/div>\n\t\t\t\t<\/a>\n\t\t<\/article>\n\t\t\t\t<\/div>\n\t\t\t\t\t\t<\/div>\n\t\t\t\t<\/div>\n\t\t\t\t\t<\/div>\n\t\t<\/div>\n\t\t\t\t\t<\/div>\n\t\t<\/section>\n\t\t\t\t<section class=\"elementor-section elementor-top-section elementor-element elementor-element-12fb319 elementor-section-boxed elementor-section-height-default elementor-section-height-default\" data-id=\"12fb319\" data-element_type=\"section\">\n\t\t\t\t\t\t<div class=\"elementor-container elementor-column-gap-default\">\n\t\t\t\t\t<div class=\"elementor-column elementor-col-33 elementor-top-column elementor-element elementor-element-fe3e2d0\" data-id=\"fe3e2d0\" data-element_type=\"column\">\n\t\t\t<div class=\"elementor-widget-wrap\">\n\t\t\t\t\t\t\t<\/div>\n\t\t<\/div>\n\t\t\t\t<div class=\"elementor-column elementor-col-33 elementor-top-column elementor-element elementor-element-6b3a429\" data-id=\"6b3a429\" data-element_type=\"column\">\n\t\t\t<div class=\"elementor-widget-wrap\">\n\t\t\t\t\t\t\t<\/div>\n\t\t<\/div>\n\t\t\t\t<div class=\"elementor-column elementor-col-33 elementor-top-column elementor-element elementor-element-261fdec\" data-id=\"261fdec\" data-element_type=\"column\">\n\t\t\t<div class=\"elementor-widget-wrap elementor-element-populated\">\n\t\t\t\t\t\t\t<\/div>\n\t\t<\/div>\n\t\t\t\t\t<\/div>\n\t\t<\/section>\n\t\t\t\t<\/div>\n\t\t","protected":false},"excerpt":{"rendered":"","protected":false},"author":1,"featured_media":0,"parent":0,"menu_order":0,"comment_status":"closed","ping_status":"closed","template":"","meta":{"amp_status":"","footnotes":""},"class_list":["post-385","page","type-page","status-publish","hentry"],"_links":{"self":[{"href":"https:\/\/giaoxunamdien.org\/index.php\/wp-json\/wp\/v2\/pages\/385","targetHints":{"allow":["GET"]}}],"collection":[{"href":"https:\/\/giaoxunamdien.org\/index.php\/wp-json\/wp\/v2\/pages"}],"about":[{"href":"https:\/\/giaoxunamdien.org\/index.php\/wp-json\/wp\/v2\/types\/page"}],"author":[{"embeddable":true,"href":"https:\/\/giaoxunamdien.org\/index.php\/wp-json\/wp\/v2\/users\/1"}],"replies":[{"embeddable":true,"href":"https:\/\/giaoxunamdien.org\/index.php\/wp-json\/wp\/v2\/comments?post=385"}],"version-history":[{"count":324,"href":"https:\/\/giaoxunamdien.org\/index.php\/wp-json\/wp\/v2\/pages\/385\/revisions"}],"predecessor-version":[{"id":4180,"href":"https:\/\/giaoxunamdien.org\/index.php\/wp-json\/wp\/v2\/pages\/385\/revisions\/4180"}],"wp:attachment":[{"href":"https:\/\/giaoxunamdien.org\/index.php\/wp-json\/wp\/v2\/media?parent=385"}],"curies":[{"name":"wp","href":"https:\/\/api.w.org\/{rel}","templated":true}]}}